{"id":3634,"date":"2020-07-02T09:04:54","date_gmt":"2020-07-02T07:04:54","guid":{"rendered":"https:\/\/qualitasag.ch\/?page_id=3634"},"modified":"2020-07-02T09:04:54","modified_gmt":"2020-07-02T07:04:54","slug":"privacy-policy-and-terms-of-use-ebgs-app","status":"publish","type":"page","link":"https:\/\/qualitasag.ch\/en\/privacy-policy-and-terms-of-use-ebgs-app\/","title":{"rendered":"Privacy policy and terms of use eBGS App"},"content":{"rendered":"<section class=\"l-section wpb_row height_medium\"><div class=\"l-section-h i-cf\"><div class=\"g-cols vc_row via_flex valign_middle type_default stacking_default\"><div class=\"vc_col-sm-6 wpb_column vc_column_container\"><div class=\"vc_column-inner\"><div class=\"wpb_wrapper\"><div class=\"w-btn-wrapper align_none\"><a class=\"w-btn us-btn-style_1\" target=\" _blank\" rel=\"nofollow\" href=\"https:\/\/qualitasag.ch\/wp-content\/uploads\/2020\/04\/20190710_Datenschutzbestimmungen-App-eBGS.pdf\"><span class=\"w-btn-label\">Datenschutzbestimmungen eBGS App<\/span><\/a><\/div><\/div><\/div><\/div><div class=\"vc_col-sm-6 wpb_column vc_column_container\"><div class=\"vc_column-inner\"><div class=\"wpb_wrapper\"><div class=\"w-btn-wrapper align_none\"><a class=\"w-btn us-btn-style_1\" target=\" _blank\" rel=\"nofollow\" href=\"https:\/\/qualitasag.ch\/wp-content\/uploads\/2020\/04\/Nutzungsbestimmungen-App-eBGS.pdf\"><span class=\"w-btn-label\">Nutzungsbedingungen eBGS App<\/span><\/a><\/div><\/div><\/div><\/div><\/div><\/div><\/section><section class=\"l-section wpb_row height_medium\"><div class=\"l-section-h i-cf\"><div class=\"g-cols vc_row via_flex valign_middle type_default stacking_default\"><div class=\"vc_col-sm-6 wpb_column vc_column_container\"><div class=\"vc_column-inner\"><div class=\"wpb_wrapper\"><div class=\"w-btn-wrapper align_none\"><a class=\"w-btn us-btn-style_1\" target=\" _blank\" rel=\"nofollow\" href=\"https:\/\/qualitasag.ch\/wp-content\/uploads\/2020\/04\/FR_20190710_Datenschutzbestimmungen-App-eBGS_def.pdf\"><span class=\"w-btn-label\">Dispositions relatives \u00e0 la protection des donn\u00e9es eBGS App<\/span><\/a><\/div><\/div><\/div><\/div><div class=\"vc_col-sm-6 wpb_column vc_column_container\"><div class=\"vc_column-inner\"><div class=\"wpb_wrapper\"><div class=\"w-btn-wrapper align_none\"><a class=\"w-btn us-btn-style_1\" target=\" _blank\" rel=\"nofollow\" href=\"https:\/\/qualitasag.ch\/wp-content\/uploads\/2020\/04\/FR_Nutzungsbestimmungen-App-eBGS_def.pdf\"><span class=\"w-btn-label\">Dispositions relatives \u00e0 la protection des donn\u00e9es eBGS App<\/span><\/a><\/div><\/div><\/div><\/div><\/div><\/div><\/section>\n","protected":false},"excerpt":{"rendered":"Datenschutzbestimmungen eBGS AppNutzungsbedingungen eBGS AppDispositions relatives \u00e0 la protection des donn\u00e9es eBGS AppDispositions relatives \u00e0 la protection des donn\u00e9es eBGS App","protected":false},"author":1,"featured_media":0,"parent":0,"menu_order":0,"comment_status":"closed","ping_status":"closed","template":"","meta":{"footnotes":""},"class_list":["post-3634","page","type-page","status-publish","hentry"],"yoast_head":"<!-- This site is optimized with the Yoast SEO plugin v26.7 - https:\/\/yoast.com\/wordpress\/plugins\/seo\/ -->\n<title>Privacy policy and terms of use eBGS App - Qualitas AG<\/title>\n<meta name=\"robots\" content=\"index, follow, max-snippet:-1, max-image-preview:large, max-video-preview:-1\" \/>\n<link rel=\"canonical\" href=\"https:\/\/qualitasag.ch\/en\/privacy-policy-and-terms-of-use-ebgs-app\/\" \/>\n<meta property=\"og:locale\" content=\"en_US\" \/>\n<meta property=\"og:type\" content=\"article\" \/>\n<meta property=\"og:title\" content=\"Privacy policy and terms of use eBGS App - Qualitas AG\" \/>\n<meta property=\"og:url\" content=\"https:\/\/qualitasag.ch\/en\/privacy-policy-and-terms-of-use-ebgs-app\/\" \/>\n<meta property=\"og:site_name\" content=\"Qualitas AG\" \/>\n<meta name=\"twitter:card\" content=\"summary_large_image\" \/>\n<meta name=\"twitter:label1\" content=\"Est. reading time\" \/>\n\t<meta name=\"twitter:data1\" content=\"1 minute\" \/>\n<script type=\"application\/ld+json\" class=\"yoast-schema-graph\">{\"@context\":\"https:\/\/schema.org\",\"@graph\":[{\"@type\":\"WebPage\",\"@id\":\"https:\/\/qualitasag.ch\/en\/privacy-policy-and-terms-of-use-ebgs-app\/\",\"url\":\"https:\/\/qualitasag.ch\/en\/privacy-policy-and-terms-of-use-ebgs-app\/\",\"name\":\"Privacy policy and terms of use eBGS App - Qualitas AG\",\"isPartOf\":{\"@id\":\"https:\/\/qualitasag.ch\/#website\"},\"datePublished\":\"2020-07-02T07:04:54+00:00\",\"breadcrumb\":{\"@id\":\"https:\/\/qualitasag.ch\/en\/privacy-policy-and-terms-of-use-ebgs-app\/#breadcrumb\"},\"inLanguage\":\"en-US\",\"potentialAction\":[{\"@type\":\"ReadAction\",\"target\":[\"https:\/\/qualitasag.ch\/en\/privacy-policy-and-terms-of-use-ebgs-app\/\"]}]},{\"@type\":\"BreadcrumbList\",\"@id\":\"https:\/\/qualitasag.ch\/en\/privacy-policy-and-terms-of-use-ebgs-app\/#breadcrumb\",\"itemListElement\":[{\"@type\":\"ListItem\",\"position\":1,\"name\":\"Startseite\",\"item\":\"https:\/\/qualitasag.ch\/en\/\"},{\"@type\":\"ListItem\",\"position\":2,\"name\":\"Privacy policy and terms of use eBGS App\"}]},{\"@type\":\"WebSite\",\"@id\":\"https:\/\/qualitasag.ch\/#website\",\"url\":\"https:\/\/qualitasag.ch\/\",\"name\":\"Qualitas AG\",\"description\":\"Kompetenzzentrum f\u00fcr Informatik und quantitative Genetik\",\"potentialAction\":[{\"@type\":\"SearchAction\",\"target\":{\"@type\":\"EntryPoint\",\"urlTemplate\":\"https:\/\/qualitasag.ch\/?s={search_term_string}\"},\"query-input\":{\"@type\":\"PropertyValueSpecification\",\"valueRequired\":true,\"valueName\":\"search_term_string\"}}],\"inLanguage\":\"en-US\"}]}<\/script>\n<!-- \/ Yoast SEO plugin. -->","yoast_head_json":{"title":"Privacy policy and terms of use eBGS App - Qualitas AG","robots":{"index":"index","follow":"follow","max-snippet":"max-snippet:-1","max-image-preview":"max-image-preview:large","max-video-preview":"max-video-preview:-1"},"canonical":"https:\/\/qualitasag.ch\/en\/privacy-policy-and-terms-of-use-ebgs-app\/","og_locale":"en_US","og_type":"article","og_title":"Privacy policy and terms of use eBGS App - Qualitas AG","og_url":"https:\/\/qualitasag.ch\/en\/privacy-policy-and-terms-of-use-ebgs-app\/","og_site_name":"Qualitas AG","twitter_card":"summary_large_image","twitter_misc":{"Est. reading time":"1 minute"},"schema":{"@context":"https:\/\/schema.org","@graph":[{"@type":"WebPage","@id":"https:\/\/qualitasag.ch\/en\/privacy-policy-and-terms-of-use-ebgs-app\/","url":"https:\/\/qualitasag.ch\/en\/privacy-policy-and-terms-of-use-ebgs-app\/","name":"Privacy policy and terms of use eBGS App - Qualitas AG","isPartOf":{"@id":"https:\/\/qualitasag.ch\/#website"},"datePublished":"2020-07-02T07:04:54+00:00","breadcrumb":{"@id":"https:\/\/qualitasag.ch\/en\/privacy-policy-and-terms-of-use-ebgs-app\/#breadcrumb"},"inLanguage":"en-US","potentialAction":[{"@type":"ReadAction","target":["https:\/\/qualitasag.ch\/en\/privacy-policy-and-terms-of-use-ebgs-app\/"]}]},{"@type":"BreadcrumbList","@id":"https:\/\/qualitasag.ch\/en\/privacy-policy-and-terms-of-use-ebgs-app\/#breadcrumb","itemListElement":[{"@type":"ListItem","position":1,"name":"Startseite","item":"https:\/\/qualitasag.ch\/en\/"},{"@type":"ListItem","position":2,"name":"Privacy policy and terms of use eBGS App"}]},{"@type":"WebSite","@id":"https:\/\/qualitasag.ch\/#website","url":"https:\/\/qualitasag.ch\/","name":"Qualitas AG","description":"Kompetenzzentrum f\u00fcr Informatik und quantitative Genetik","potentialAction":[{"@type":"SearchAction","target":{"@type":"EntryPoint","urlTemplate":"https:\/\/qualitasag.ch\/?s={search_term_string}"},"query-input":{"@type":"PropertyValueSpecification","valueRequired":true,"valueName":"search_term_string"}}],"inLanguage":"en-US"}]}},"_links":{"self":[{"href":"https:\/\/qualitasag.ch\/en\/wp-json\/wp\/v2\/pages\/3634","targetHints":{"allow":["GET"]}}],"collection":[{"href":"https:\/\/qualitasag.ch\/en\/wp-json\/wp\/v2\/pages"}],"about":[{"href":"https:\/\/qualitasag.ch\/en\/wp-json\/wp\/v2\/types\/page"}],"author":[{"embeddable":true,"href":"https:\/\/qualitasag.ch\/en\/wp-json\/wp\/v2\/users\/1"}],"replies":[{"embeddable":true,"href":"https:\/\/qualitasag.ch\/en\/wp-json\/wp\/v2\/comments?post=3634"}],"version-history":[{"count":2,"href":"https:\/\/qualitasag.ch\/en\/wp-json\/wp\/v2\/pages\/3634\/revisions"}],"predecessor-version":[{"id":3636,"href":"https:\/\/qualitasag.ch\/en\/wp-json\/wp\/v2\/pages\/3634\/revisions\/3636"}],"wp:attachment":[{"href":"https:\/\/qualitasag.ch\/en\/wp-json\/wp\/v2\/media?parent=3634"}],"curies":[{"name":"wp","href":"https:\/\/api.w.org\/{rel}","templated":true}]}}